{"id":763,"date":"2025-10-10T08:57:30","date_gmt":"2025-10-10T06:57:30","guid":{"rendered":"https:\/\/kodemaki.com\/inici\/"},"modified":"2026-04-26T14:50:02","modified_gmt":"2026-04-26T12:50:02","slug":"inici","status":"publish","type":"page","link":"https:\/\/kodemaki.com\/ca\/","title":{"rendered":"Inici"},"content":{"rendered":"<div class=\"et_pb_section_0 et_pb_section et_section_regular et_flex_section section_has_divider et_pb_bottom_divider preset--module--divi-section--default\">\n<div class=\"et_pb_row_0 et_pb_row et_flex_row\">\n<div class=\"et_pb_column_0 et_pb_column et_flex_column et_pb_css_mix_blend_mode_passthrough et_flex_column_16_24 et_flex_column_24_24_phone\">\n<div class=\"et_pb_text_0 et_pb_text et_pb_bg_layout_light et_pb_module et_flex_module preset--module--divi-text--xfb9tx5w7i\"><div class=\"et_pb_text_inner\"><h1>Impulsem <span style=\"color: #bb99ff;\">el teu negoci<\/span> a internet, pas a pas i al teu costat<\/h1>\n<p>Sabem qu\u00e8 costa aixecar un projecte. A Kodemaki ajudem aut\u00f2noms i petites empreses a tenir una pres\u00e8ncia digital professional sense complicacions ni pressupostos impossibles. El teu \u00e8xit \u00e9s el nostre.  <\/p>\n<\/div><\/div>\n\n<div class=\"et_pb_module et_pb_button_module_wrapper et_pb_button_0_wrapper preset--module--divi-button--default_wrapper\"><a class=\"et_pb_button_0 et_pb_button et_pb_bg_layout_light et_pb_module et_flex_module preset--module--divi-button--default\" href=\"https:\/\/kodemaki.com\/nosotros\/\">Parlem?<\/a><\/div>\n<\/div>\n\n<div class=\"et_pb_column_1 et_pb_column et-last-child et_flex_column et_pb_css_mix_blend_mode_passthrough et_flex_column_8_24 et_flex_column_24_24_phone\">\n<div class=\"et_pb_code_0 et_pb_code et_pb_module\"><div class=\"et_pb_code_inner\"><svg xmlns=\"http:\/\/www.w3.org\/2000\/svg\" role=\"img\" aria-labelledby=\"svg-k-logo\" viewbox=\"0 0 1000 1010\">\n\t<title id=\"svg-k-logo\">Logotip animat en forma de lletra K que s'assembla a un asterisc<\/title>\n  <path d=\"M 375, 0 L 625, 0 L 625, 289 L 875, 145 L 1000, 362 L 752, 505 L 1000, 648 L 875, 865 L 625, 721 L 625, 865 L 375, 865 Z\" fill=\"#9966FF\"><\/path>\n  <path d=\"M 125, 145 L 277, 289 L 199, 419 L 0, 362 Z\" fill=\"#BB99FF\"><\/path>\n  <path d=\"M 150, 605 L 239, 757 L 125, 865 L 0, 648 Z\" fill=\"#BB99FF\"><\/path>\n  <path d=\"M 400, 905 L 600, 905 L 625, 1010 L 375, 1010 Z\" fill=\"#BB99FF\"><\/path>\n<\/svg><\/div><\/div>\n<\/div>\n<\/div>\n<div class=\"et_pb_bottom_inside_divider et-no-transition\"><\/div><\/div>\n\n<div class=\"et_pb_section_1 et_pb_section et_section_regular et_flex_section preset--module--divi-section--default\">\n<div class=\"et_pb_row_1 et_pb_row et_flex_row\">\n<div class=\"et_pb_column_2 et_pb_column et_flex_column et_pb_css_mix_blend_mode_passthrough et_flex_column_12_24 et_flex_column_24_24_phone\">\n<div class=\"et_pb_text_1 et_pb_text et_pb_bg_layout_light et_pb_module et_flex_module preset--module--divi-text--0f1phybt2v\"><div class=\"et_pb_text_inner\"><h2>Una web professional, clara i que <span style=\"color: #9966ff;\">atrau clients<\/span><\/h2>\n<p>No nom\u00e9s dissenyem p\u00e0gines boniques; creem eines que funcionen. Webs r\u00e0pides, que es veuen perfectes al m\u00f2bil i que tu mateix podr\u00e0s gestionar f\u00e0cilment. Disseny d'alta qualitat a l'abast de la m\u00e0.  <\/p>\n<\/div><\/div>\n\n<div class=\"et_pb_module et_pb_button_module_wrapper et_pb_button_1_wrapper preset--module--divi-button--default_wrapper\"><a class=\"et_pb_button_1 et_pb_button et_pb_bg_layout_light et_pb_module et_flex_module preset--module--divi-button--default\" href=\"https:\/\/kodemaki.com\/paginas-web\/\">Contracta la teva web<\/a><\/div>\n<\/div>\n\n<div class=\"et_pb_column_3 et_pb_column et-last-child et_flex_column et_pb_css_mix_blend_mode_passthrough et_flex_column_12_24 et_flex_column_24_24_phone\">\n<div class=\"et_pb_image_0 et_pb_image et_pb_module et_flex_module\"><span class=\"et_pb_image_wrap\"><img loading=\"lazy\" decoding=\"async\" src=\"https:\/\/kodemaki.com\/wp-content\/uploads\/img-responsive-web-alpha-800-01.png\" alt=\"Dues pantalles de mida diferent mostren un exemple de disseny web responsive\" width=\"800\" height=\"590\" srcset=\"https:\/\/kodemaki.com\/wp-content\/uploads\/img-responsive-web-alpha-800-01.png 800w, https:\/\/kodemaki.com\/wp-content\/uploads\/img-responsive-web-alpha-800-01-480x354.png 480w\" sizes=\"(min-width: 0px) and (max-width: 480px) 480px, (min-width: 481px) 800px, 100vw\" class=\"wp-image-297\" \/><\/span><\/div>\n<\/div>\n<\/div>\n<\/div>\n\n<div class=\"et_pb_section_2 et_pb_section et_section_regular et_flex_section preset--module--divi-section--default\">\n<div class=\"et_pb_row_2 et_pb_row et_flex_row\">\n<div class=\"et_pb_column_4 et_pb_column et_flex_column et_pb_css_mix_blend_mode_passthrough et_flex_column_8_24 et_flex_column_24_24_phone\">\n<div class=\"et_pb_group_0 et_pb_group et_pb_module et_flex_group et_pb_css_mix_blend_mode_passthrough\">\n<div class=\"et_pb_image_1 et_pb_image et_pb_module et_flex_module\"><span class=\"et_pb_image_wrap\"><img loading=\"lazy\" decoding=\"async\" src=\"https:\/\/kodemaki.com\/wp-content\/uploads\/litespeed-logo.png\" alt=\"Logo de LiteSpeed\" width=\"1200\" height=\"300\" srcset=\"https:\/\/kodemaki.com\/wp-content\/uploads\/litespeed-logo.png 1200w, https:\/\/kodemaki.com\/wp-content\/uploads\/litespeed-logo-980x245.png 980w, https:\/\/kodemaki.com\/wp-content\/uploads\/litespeed-logo-480x120.png 480w\" sizes=\"(min-width: 0px) and (max-width: 480px) 480px, (min-width: 481px) and (max-width: 980px) 980px, (min-width: 981px) 1200px, 100vw\" class=\"wp-image-117\" \/><\/span><\/div>\n\n<div class=\"et_pb_text_2 et_pb_text et_pb_bg_layout_dark et_pb_module et_flex_module preset--module--divi-text--default\"><div class=\"et_pb_text_inner\"><p><strong>M\u00e0xima velocitat<\/strong> per al teu lloc web. Incl\u00f2s a <strong>tots<\/strong> els plans de hosting. <\/p>\n<\/div><\/div>\n<\/div>\n\n<div class=\"et_pb_group_1 et_pb_group et-last-child et_pb_module et_flex_group et_pb_css_mix_blend_mode_passthrough\">\n<div class=\"et_pb_image_2 et_pb_image et_pb_module et_flex_module\"><span class=\"et_pb_image_wrap\"><img loading=\"lazy\" decoding=\"async\" src=\"https:\/\/kodemaki.com\/wp-content\/uploads\/CPanel_logo.png\" alt=\"Logo de cPanel\" width=\"640\" height=\"142\" srcset=\"https:\/\/kodemaki.com\/wp-content\/uploads\/CPanel_logo.png 640w, https:\/\/kodemaki.com\/wp-content\/uploads\/CPanel_logo-480x107.png 480w\" sizes=\"(min-width: 0px) and (max-width: 480px) 480px, (min-width: 481px) 640px, 100vw\" class=\"wp-image-116\" \/><\/span><\/div>\n\n<div class=\"et_pb_text_3 et_pb_text et_pb_bg_layout_dark et_pb_module et_flex_module preset--module--divi-text--default\"><div class=\"et_pb_text_inner\"><p><strong>Control total<\/strong> sobre el teu hosting. Incl\u00f2s a <strong>tots<\/strong> els plans de hosting. <\/p>\n<\/div><\/div>\n<\/div>\n<\/div>\n\n<div class=\"et_pb_column_5 et_pb_column et-last-child et_flex_column et_pb_css_mix_blend_mode_passthrough et_flex_column_16_24 et_flex_column_24_24_phone\">\n<div class=\"et_pb_text_4 et_pb_text et_pb_bg_layout_light et_pb_module et_flex_module preset--module--divi-text--xfb9tx5w7i\"><div class=\"et_pb_text_inner\"><h2>La teva web a les millors mans: r\u00e0pida, segura i a prop teu<\/h2>\n<p>Oblida't de problemes t\u00e8cnics. Allotjem el teu lloc a servidors d'alta velocitat perqu\u00e8 els teus clients no esperin ni un segon. Amb el rendiment superior dels servidors LiteSpeed \u200b\u200bi el tauler de control n\u00famero u del m\u00f3n: cPanel.  <\/p>\n<\/div><\/div>\n\n<div class=\"et_pb_module et_pb_button_module_wrapper et_pb_button_2_wrapper preset--module--divi-button--default_wrapper\"><a class=\"et_pb_button_2 et_pb_button et_pb_bg_layout_light et_pb_module et_flex_module preset--module--divi-button--default\" href=\"https:\/\/kodemaki.com\/hosting\/\">Contracta el teu Hosting<\/a><\/div>\n<\/div>\n<\/div>\n<\/div>","protected":false},"excerpt":{"rendered":"","protected":false},"author":1,"featured_media":0,"parent":0,"menu_order":0,"comment_status":"closed","ping_status":"closed","template":"","meta":{"footnotes":""},"class_list":["post-763","page","type-page","status-publish","hentry"],"dsm_author":{"name":"admin","avatar_url":"https:\/\/secure.gravatar.com\/avatar\/3839d24c7ddceb4417422107548e0f3b5bc86204abd8c98b339e6167a2b3bb7e?s=96&d=mm&r=g","archive_link":"https:\/\/kodemaki.com\/ca\/author\/admin\/","biodata":""},"dsm_categories":[],"dsm_attachment_categories":[],"dsm_featured_image":null,"_links":{"self":[{"href":"https:\/\/kodemaki.com\/ca\/wp-json\/wp\/v2\/pages\/763","targetHints":{"allow":["GET"]}}],"collection":[{"href":"https:\/\/kodemaki.com\/ca\/wp-json\/wp\/v2\/pages"}],"about":[{"href":"https:\/\/kodemaki.com\/ca\/wp-json\/wp\/v2\/types\/page"}],"author":[{"embeddable":true,"href":"https:\/\/kodemaki.com\/ca\/wp-json\/wp\/v2\/users\/1"}],"replies":[{"embeddable":true,"href":"https:\/\/kodemaki.com\/ca\/wp-json\/wp\/v2\/comments?post=763"}],"version-history":[{"count":1,"href":"https:\/\/kodemaki.com\/ca\/wp-json\/wp\/v2\/pages\/763\/revisions"}],"predecessor-version":[{"id":764,"href":"https:\/\/kodemaki.com\/ca\/wp-json\/wp\/v2\/pages\/763\/revisions\/764"}],"wp:attachment":[{"href":"https:\/\/kodemaki.com\/ca\/wp-json\/wp\/v2\/media?parent=763"}],"curies":[{"name":"wp","href":"https:\/\/api.w.org\/{rel}","templated":true}]}}